{"id":49665,"date":"2025-07-18T17:12:55","date_gmt":"2025-07-18T15:12:55","guid":{"rendered":"https:\/\/publimag.es\/producto\/mederi\/"},"modified":"2025-07-18T19:49:21","modified_gmt":"2025-07-18T17:49:21","slug":"mederi","status":"publish","type":"product","link":"https:\/\/publimag.es\/en\/product\/mederi\/","title":{"rendered":"MEDERI"},"content":{"rendered":"<p>Unisex long-sleeved gown.<br \/>\n\u00b7 Central opening with automatic buttons on the inside.<br \/>\n\u00b7 Inside pocket on left chest.<br \/>\n\u00b7 Adjustable 1\u00d71 ribbed cuffs. <br \/>Composition: 65% polyester \/ 35% cotton, 195 g\/m\u00b2 twill. <br \/>Remarks: *Removable label.<br \/>\n*Unisex model.<br \/>\n*Model mainly for food.<\/p>","protected":false},"excerpt":{"rendered":"<p>Bata de manga larga unisex. \u00b7 Abertura central con Botones autom\u00e1ticos en el interior. \u00b7 Bolsillo interior en pecho izquierdo. \u00b7 Pu\u00f1os ajustables de canal\u00e9 1&#215;1. Composici\u00f3n: 65% poli\u00e9ster \/ 35% algod\u00f3n, sarga de 195 g\/m\u00b2. Observaciones: *Etiqueta removible. *Modelo unisex. *Modelo principalmente para alimentaci\u00f3n.<\/p>","protected":false},"featured_media":49666,"comment_status":"open","ping_status":"closed","template":"","meta":[],"product_brand":[],"product_cat":[89,78,37],"product_tag":[],"class_list":{"0":"post-49665","1":"product","2":"type-product","3":"status-publish","4":"has-post-thumbnail","6":"product_cat-foodindustrybata","7":"product_cat-food","8":"product_cat-workwear","10":"first","11":"outofstock","12":"shipping-taxable","13":"product-type-variable"},"_links":{"self":[{"href":"https:\/\/publimag.es\/en\/wp-json\/wp\/v2\/product\/49665","targetHints":{"allow":["GET"]}}],"collection":[{"href":"https:\/\/publimag.es\/en\/wp-json\/wp\/v2\/product"}],"about":[{"href":"https:\/\/publimag.es\/en\/wp-json\/wp\/v2\/types\/product"}],"replies":[{"embeddable":true,"href":"https:\/\/publimag.es\/en\/wp-json\/wp\/v2\/comments?post=49665"}],"wp:featuredmedia":[{"embeddable":true,"href":"https:\/\/publimag.es\/en\/wp-json\/wp\/v2\/media\/49666"}],"wp:attachment":[{"href":"https:\/\/publimag.es\/en\/wp-json\/wp\/v2\/media?parent=49665"}],"wp:term":[{"taxonomy":"product_brand","embeddable":true,"href":"https:\/\/publimag.es\/en\/wp-json\/wp\/v2\/product_brand?post=49665"},{"taxonomy":"product_cat","embeddable":true,"href":"https:\/\/publimag.es\/en\/wp-json\/wp\/v2\/product_cat?post=49665"},{"taxonomy":"product_tag","embeddable":true,"href":"https:\/\/publimag.es\/en\/wp-json\/wp\/v2\/product_tag?post=49665"}],"curies":[{"name":"wp","href":"https:\/\/api.w.org\/{rel}","templated":true}]}}