{"id":49731,"date":"2025-07-19T06:00:12","date_gmt":"2025-07-19T04:00:12","guid":{"rendered":"https:\/\/publimag.es\/producto\/honey-l-s\/"},"modified":"2025-07-19T06:20:06","modified_gmt":"2025-07-19T04:20:06","slug":"honey-l-s","status":"publish","type":"product","link":"https:\/\/publimag.es\/en\/product\/honey-l-s\/","title":{"rendered":"HONEY L\/S"},"content":{"rendered":"<p>Body de beb\u00e9 de manga larga de punto liso. Cuello redondo y bajo ribeteado en canal\u00e9 1&#215;1. Cierre con botones a presi\u00f3n en la entrepierna. Hombro de apertura cruzada.<br \/>Composici\u00f3n: 96% algod\u00f3n peinado \/ 4% elastano, punto liso,  175 g\/m\u00b2.<br \/>Remarks: *Removable label. <\/p>","protected":false},"excerpt":{"rendered":"<p>Body de beb\u00e9 de manga larga de punto liso. Cuello redondo y bajo ribeteado en canal\u00e9 1&#215;1. Cierre con botones a presi\u00f3n en la entrepierna. Hombro de apertura cruzada.Composici\u00f3n: 96% algod\u00f3n peinado \/ 4% elastano, punto liso, 175 g\/m\u00b2.Observaciones: *Etiqueta removible.<\/p>","protected":false},"featured_media":49732,"comment_status":"open","ping_status":"closed","template":"","meta":[],"product_brand":[],"product_cat":[44,58],"product_tag":[],"class_list":{"0":"post-49731","1":"product","2":"type-product","3":"status-publish","4":"has-post-thumbnail","6":"product_cat-t_shirts","7":"product_cat-cam_w","9":"first","10":"outofstock","11":"shipping-taxable","12":"product-type-variable"},"_links":{"self":[{"href":"https:\/\/publimag.es\/en\/wp-json\/wp\/v2\/product\/49731","targetHints":{"allow":["GET"]}}],"collection":[{"href":"https:\/\/publimag.es\/en\/wp-json\/wp\/v2\/product"}],"about":[{"href":"https:\/\/publimag.es\/en\/wp-json\/wp\/v2\/types\/product"}],"replies":[{"embeddable":true,"href":"https:\/\/publimag.es\/en\/wp-json\/wp\/v2\/comments?post=49731"}],"wp:featuredmedia":[{"embeddable":true,"href":"https:\/\/publimag.es\/en\/wp-json\/wp\/v2\/media\/49732"}],"wp:attachment":[{"href":"https:\/\/publimag.es\/en\/wp-json\/wp\/v2\/media?parent=49731"}],"wp:term":[{"taxonomy":"product_brand","embeddable":true,"href":"https:\/\/publimag.es\/en\/wp-json\/wp\/v2\/product_brand?post=49731"},{"taxonomy":"product_cat","embeddable":true,"href":"https:\/\/publimag.es\/en\/wp-json\/wp\/v2\/product_cat?post=49731"},{"taxonomy":"product_tag","embeddable":true,"href":"https:\/\/publimag.es\/en\/wp-json\/wp\/v2\/product_tag?post=49731"}],"curies":[{"name":"wp","href":"https:\/\/api.w.org\/{rel}","templated":true}]}}