{"id":49765,"date":"2025-07-19T06:31:30","date_gmt":"2025-07-19T04:31:30","guid":{"rendered":"https:\/\/publimag.es\/producto\/slam\/"},"modified":"2025-07-19T06:32:37","modified_gmt":"2025-07-19T04:32:37","slug":"slam","status":"publish","type":"product","link":"https:\/\/publimag.es\/en\/product\/slam\/","title":{"rendered":"SLAM"},"content":{"rendered":"<p>Camiseta t\u00e9cnica de manga corta para hombre. Tejido ligero realizado en poli\u00e9ster reciclado. Cuello con detalle cruzado y cubrecosturas. Canes\u00fa en espalda y piezas en mangas en tejido transpirable. Costuras adelantadas e inclinadas en laterales y hombros. Combinada en tejidos transpirables y el\u00e1sticos.<br \/>Composition: Main fabric: 100% recycled polyester<br \/>\nMesh fabric: 92% recycled polyester \/ 8% elastane<br \/>\n100 g\/m\u00b2.<br \/>Remarks: *Removable label<br \/><img decoding=\"async\" src=\"https:\/\/static.gorfactory.es\/pics\/measures\/CA_MC_HO.jpg\"><\/p>","protected":false},"excerpt":{"rendered":"<p>Camiseta t\u00e9cnica de manga corta para hombre. Tejido ligero realizado en poli\u00e9ster reciclado. Cuello con detalle cruzado y cubrecosturas. Canes\u00fa en espalda y piezas en mangas en tejido transpirable. Costuras adelantadas e inclinadas en laterales y hombros. Combinada en tejidos transpirables y el\u00e1sticos.Composici\u00f3n: Tejido principal: 100% poli\u00e9ster reciclado Tejido mesh: 92% poli\u00e9ster reciclado \/ 8%&hellip;<\/p>","protected":false},"featured_media":49766,"comment_status":"open","ping_status":"closed","template":"","meta":[],"product_brand":[],"product_cat":[27,26,28,29,25],"product_tag":[],"class_list":{"0":"post-49765","1":"product","2":"type-product","3":"status-publish","4":"has-post-thumbnail","6":"product_cat-sp_tshi","7":"product_cat-cam_sp","8":"product_cat-rolyeco","9":"product_cat-c_dry","10":"product_cat-sports","12":"first","13":"instock","14":"shipping-taxable","15":"purchasable","16":"product-type-variable"},"_links":{"self":[{"href":"https:\/\/publimag.es\/en\/wp-json\/wp\/v2\/product\/49765","targetHints":{"allow":["GET"]}}],"collection":[{"href":"https:\/\/publimag.es\/en\/wp-json\/wp\/v2\/product"}],"about":[{"href":"https:\/\/publimag.es\/en\/wp-json\/wp\/v2\/types\/product"}],"replies":[{"embeddable":true,"href":"https:\/\/publimag.es\/en\/wp-json\/wp\/v2\/comments?post=49765"}],"wp:featuredmedia":[{"embeddable":true,"href":"https:\/\/publimag.es\/en\/wp-json\/wp\/v2\/media\/49766"}],"wp:attachment":[{"href":"https:\/\/publimag.es\/en\/wp-json\/wp\/v2\/media?parent=49765"}],"wp:term":[{"taxonomy":"product_brand","embeddable":true,"href":"https:\/\/publimag.es\/en\/wp-json\/wp\/v2\/product_brand?post=49765"},{"taxonomy":"product_cat","embeddable":true,"href":"https:\/\/publimag.es\/en\/wp-json\/wp\/v2\/product_cat?post=49765"},{"taxonomy":"product_tag","embeddable":true,"href":"https:\/\/publimag.es\/en\/wp-json\/wp\/v2\/product_tag?post=49765"}],"curies":[{"name":"wp","href":"https:\/\/api.w.org\/{rel}","templated":true}]}}