{"id":50503,"date":"2025-07-19T06:43:55","date_gmt":"2025-07-19T04:43:55","guid":{"rendered":"https:\/\/publimag.es\/producto\/montecarlo-l-s\/"},"modified":"2025-07-19T06:45:05","modified_gmt":"2025-07-19T04:45:05","slug":"montecarlo-l-s","status":"publish","type":"product","link":"https:\/\/publimag.es\/en\/product\/montecarlo-l-s\/","title":{"rendered":"MONTE CARLO L\/S"},"content":{"rendered":"<p>Long-sleeved raglan technical T-shirt with matching overlocks on the sleeves (no side slits). Covered seams on the neck. Breathable fabric that&#039;s easy to wash and dry.<br \/>Composition: 100% polyester piqu\u00e9, 150 g\/m\u00b2<br \/>Remarks: *UV801 Certified<br \/>\n*Removable label.<br \/>\n*Technical fabric.<br \/>\n*Available in children&#039;s sizes.<br \/><img decoding=\"async\" src=\"https:\/\/static.gorfactory.es\/pics\/measures\/CA_MC_HO.jpg\"><\/p>","protected":false},"excerpt":{"rendered":"<p>Camiseta t\u00e9cnica de manga larga rangl\u00e1n, remallada al tono en mangas (sin cortes laterales). Cubrecosturas en cuello. Tejido transpirable de f\u00e1cil lavado y secado.Composici\u00f3n: 100% poli\u00e9ster piqu\u00e9, 150 g\/m\u00b2Observaciones: *Certificado UV801 *Etiqueta removible. *Tejido t\u00e9cnico. *Disponible en tallas infantiles.<\/p>","protected":false},"featured_media":50504,"comment_status":"open","ping_status":"closed","template":"","meta":[],"product_brand":[],"product_cat":[759,25,38],"product_tag":[],"class_list":{"0":"post-50503","1":"product","2":"type-product","3":"status-publish","4":"has-post-thumbnail","6":"product_cat-winter_shirts","7":"product_cat-sports","8":"product_cat-wint_sp","10":"first","11":"instock","12":"shipping-taxable","13":"purchasable","14":"product-type-variable"},"_links":{"self":[{"href":"https:\/\/publimag.es\/en\/wp-json\/wp\/v2\/product\/50503","targetHints":{"allow":["GET"]}}],"collection":[{"href":"https:\/\/publimag.es\/en\/wp-json\/wp\/v2\/product"}],"about":[{"href":"https:\/\/publimag.es\/en\/wp-json\/wp\/v2\/types\/product"}],"replies":[{"embeddable":true,"href":"https:\/\/publimag.es\/en\/wp-json\/wp\/v2\/comments?post=50503"}],"wp:featuredmedia":[{"embeddable":true,"href":"https:\/\/publimag.es\/en\/wp-json\/wp\/v2\/media\/50504"}],"wp:attachment":[{"href":"https:\/\/publimag.es\/en\/wp-json\/wp\/v2\/media?parent=50503"}],"wp:term":[{"taxonomy":"product_brand","embeddable":true,"href":"https:\/\/publimag.es\/en\/wp-json\/wp\/v2\/product_brand?post=50503"},{"taxonomy":"product_cat","embeddable":true,"href":"https:\/\/publimag.es\/en\/wp-json\/wp\/v2\/product_cat?post=50503"},{"taxonomy":"product_tag","embeddable":true,"href":"https:\/\/publimag.es\/en\/wp-json\/wp\/v2\/product_tag?post=50503"}],"curies":[{"name":"wp","href":"https:\/\/api.w.org\/{rel}","templated":true}]}}