{"id":50618,"date":"2025-07-19T06:45:54","date_gmt":"2025-07-19T04:45:54","guid":{"rendered":"https:\/\/publimag.es\/producto\/daytona\/"},"modified":"2025-07-19T06:47:50","modified_gmt":"2025-07-19T04:47:50","slug":"daytona","status":"publish","type":"product","link":"https:\/\/publimag.es\/en\/product\/daytona\/","title":{"rendered":"DAYTONA"},"content":{"rendered":"<p>Camiseta t\u00e9cnica de manga corta traspirable. Cuello redondo con cubrecosturas a tono.<br \/>Composici\u00f3n: 100% poli\u00e9ster interlock, 135 g\/m\u00b2.<br \/>Remarks: * Removable label.<br \/>\n* Technical fabric.<br \/>\n* Control dry.<br \/>\n* Modelo transpirable.<br \/><img decoding=\"async\" src=\"https:\/\/static.gorfactory.es\/pics\/measures\/CA_MC_HO.jpg\"><\/p>","protected":false},"excerpt":{"rendered":"<p>Camiseta t\u00e9cnica de manga corta traspirable. Cuello redondo con cubrecosturas a tono.Composici\u00f3n: 100% poli\u00e9ster interlock, 135 g\/m\u00b2.Observaciones: * Etiqueta removible. * Tejido t\u00e9cnico. * Control dry. * Modelo transpirable.<\/p>","protected":false},"featured_media":50619,"comment_status":"open","ping_status":"closed","template":"","meta":[],"product_brand":[],"product_cat":[27,26,29,25],"product_tag":[],"class_list":{"0":"post-50618","1":"product","2":"type-product","3":"status-publish","4":"has-post-thumbnail","6":"product_cat-sp_tshi","7":"product_cat-cam_sp","8":"product_cat-c_dry","9":"product_cat-sports","11":"first","12":"instock","13":"shipping-taxable","14":"purchasable","15":"product-type-variable"},"_links":{"self":[{"href":"https:\/\/publimag.es\/en\/wp-json\/wp\/v2\/product\/50618","targetHints":{"allow":["GET"]}}],"collection":[{"href":"https:\/\/publimag.es\/en\/wp-json\/wp\/v2\/product"}],"about":[{"href":"https:\/\/publimag.es\/en\/wp-json\/wp\/v2\/types\/product"}],"replies":[{"embeddable":true,"href":"https:\/\/publimag.es\/en\/wp-json\/wp\/v2\/comments?post=50618"}],"wp:featuredmedia":[{"embeddable":true,"href":"https:\/\/publimag.es\/en\/wp-json\/wp\/v2\/media\/50619"}],"wp:attachment":[{"href":"https:\/\/publimag.es\/en\/wp-json\/wp\/v2\/media?parent=50618"}],"wp:term":[{"taxonomy":"product_brand","embeddable":true,"href":"https:\/\/publimag.es\/en\/wp-json\/wp\/v2\/product_brand?post=50618"},{"taxonomy":"product_cat","embeddable":true,"href":"https:\/\/publimag.es\/en\/wp-json\/wp\/v2\/product_cat?post=50618"},{"taxonomy":"product_tag","embeddable":true,"href":"https:\/\/publimag.es\/en\/wp-json\/wp\/v2\/product_tag?post=50618"}],"curies":[{"name":"wp","href":"https:\/\/api.w.org\/{rel}","templated":true}]}}