{"id":50853,"date":"2025-07-19T06:49:37","date_gmt":"2025-07-19T04:49:37","guid":{"rendered":"https:\/\/publimag.es\/producto\/montecarlo\/"},"modified":"2025-07-19T06:52:28","modified_gmt":"2025-07-19T04:52:28","slug":"montecarlo","status":"publish","type":"product","link":"https:\/\/publimag.es\/en\/product\/montecarlo\/","title":{"rendered":"Monte Carlo"},"content":{"rendered":"<p>Short-sleeved raglan technical T-shirt. Rounded neckline with covered seams. Side slits with matching overlock.<br \/>Composition: 100% polyester piqu\u00e9, 150 g\/m\u00b2.<br \/>Remarks: * UV801 Certificate<br \/>\n*Breathable fabric that is easy to wash and dry.<br \/>\n*Removable label.<br \/>\n*Technical fabric.<br \/>\n*Ultraviolet protection factor according to color.<br \/>\n*Available in children&#039;s sizes.<br \/>\n*Duo concept.<br \/><img decoding=\"async\" src=\"https:\/\/static.gorfactory.es\/pics\/measures\/CA_MC_HO.jpg\"><\/p>","protected":false},"excerpt":{"rendered":"<p>Camiseta t\u00e9cnica de manga corta rangl\u00e1n. Escote redondeado con cubrecosturas. Cortes laterales con remallado al tono.Composici\u00f3n: 100% poli\u00e9ster piqu\u00e9, 150 g\/m\u00b2.Observaciones: * Certificado UV801 *Tejido transpirable de f\u00e1cil lavado y secado. *Etiqueta removible. *Tejido t\u00e9cnico. *Factor de protecci\u00f3n ultravioleta seg\u00fan color. *Disponible en tallas infantiles. *D\u00fao concept.<\/p>","protected":false},"featured_media":50854,"comment_status":"open","ping_status":"closed","template":"","meta":[],"product_brand":[],"product_cat":[27,26,29,25],"product_tag":[],"class_list":{"0":"post-50853","1":"product","2":"type-product","3":"status-publish","4":"has-post-thumbnail","6":"product_cat-sp_tshi","7":"product_cat-cam_sp","8":"product_cat-c_dry","9":"product_cat-sports","11":"first","12":"instock","13":"shipping-taxable","14":"purchasable","15":"product-type-variable"},"_links":{"self":[{"href":"https:\/\/publimag.es\/en\/wp-json\/wp\/v2\/product\/50853","targetHints":{"allow":["GET"]}}],"collection":[{"href":"https:\/\/publimag.es\/en\/wp-json\/wp\/v2\/product"}],"about":[{"href":"https:\/\/publimag.es\/en\/wp-json\/wp\/v2\/types\/product"}],"replies":[{"embeddable":true,"href":"https:\/\/publimag.es\/en\/wp-json\/wp\/v2\/comments?post=50853"}],"wp:featuredmedia":[{"embeddable":true,"href":"https:\/\/publimag.es\/en\/wp-json\/wp\/v2\/media\/50854"}],"wp:attachment":[{"href":"https:\/\/publimag.es\/en\/wp-json\/wp\/v2\/media?parent=50853"}],"wp:term":[{"taxonomy":"product_brand","embeddable":true,"href":"https:\/\/publimag.es\/en\/wp-json\/wp\/v2\/product_brand?post=50853"},{"taxonomy":"product_cat","embeddable":true,"href":"https:\/\/publimag.es\/en\/wp-json\/wp\/v2\/product_cat?post=50853"},{"taxonomy":"product_tag","embeddable":true,"href":"https:\/\/publimag.es\/en\/wp-json\/wp\/v2\/product_tag?post=50853"}],"curies":[{"name":"wp","href":"https:\/\/api.w.org\/{rel}","templated":true}]}}