{"id":51695,"date":"2025-07-19T07:03:33","date_gmt":"2025-07-19T05:03:33","guid":{"rendered":"https:\/\/publimag.es\/producto\/pointer\/"},"modified":"2025-07-19T07:04:37","modified_gmt":"2025-07-19T05:04:37","slug":"pointer","status":"publish","type":"product","link":"https:\/\/publimag.es\/en\/product\/pointer\/","title":{"rendered":"POINTER"},"content":{"rendered":"<p>Long-sleeved T-shirt, tubular knit, with a 4-ply crew neck and 1x1 ribbed cuffs. Reinforced covered seams at the neck and shoulders.<br \/>Composition: 100% cotton, single jersey, 165 g\/m\u00b2.<br \/>\nGrey vigor\u00e9 58: 85% cotton \/ 15% viscose.<br \/>Observations: *Size 4XL in the colors: navy 55.<br \/>\n*Removable label.<br \/>\n<br \/><img decoding=\"async\" src=\"https:\/\/static.gorfactory.es\/pics\/measures\/CA_MC_HO.jpg\"><\/p>","protected":false},"excerpt":{"rendered":"<p>Camiseta de manga larga, tejido tubular, con cuello redondo de 4 capas y pu\u00f1os canal\u00e9 1&#215;1. Cubrecosturas reforzado en cuello y hombros.Composici\u00f3n: 100% algod\u00f3n, punto liso, 165 g\/m\u00b2. Color gris vigor\u00e9 58: 85% algod\u00f3n \/ 15% viscosa.Observaciones: *Talla 4XL en los colores: marino 55. *Etiqueta removible.<\/p>","protected":false},"featured_media":51696,"comment_status":"open","ping_status":"closed","template":"","meta":[],"product_brand":[],"product_cat":[39,44,58,42,37],"product_tag":[],"class_list":{"0":"post-51695","1":"product","2":"type-product","3":"status-publish","4":"has-post-thumbnail","6":"product_cat-basic","7":"product_cat-t_shirts","8":"product_cat-cam_w","9":"product_cat-cam_po","10":"product_cat-workwear","12":"first","13":"instock","14":"shipping-taxable","15":"purchasable","16":"product-type-variable"},"_links":{"self":[{"href":"https:\/\/publimag.es\/en\/wp-json\/wp\/v2\/product\/51695","targetHints":{"allow":["GET"]}}],"collection":[{"href":"https:\/\/publimag.es\/en\/wp-json\/wp\/v2\/product"}],"about":[{"href":"https:\/\/publimag.es\/en\/wp-json\/wp\/v2\/types\/product"}],"replies":[{"embeddable":true,"href":"https:\/\/publimag.es\/en\/wp-json\/wp\/v2\/comments?post=51695"}],"wp:featuredmedia":[{"embeddable":true,"href":"https:\/\/publimag.es\/en\/wp-json\/wp\/v2\/media\/51696"}],"wp:attachment":[{"href":"https:\/\/publimag.es\/en\/wp-json\/wp\/v2\/media?parent=51695"}],"wp:term":[{"taxonomy":"product_brand","embeddable":true,"href":"https:\/\/publimag.es\/en\/wp-json\/wp\/v2\/product_brand?post=51695"},{"taxonomy":"product_cat","embeddable":true,"href":"https:\/\/publimag.es\/en\/wp-json\/wp\/v2\/product_cat?post=51695"},{"taxonomy":"product_tag","embeddable":true,"href":"https:\/\/publimag.es\/en\/wp-json\/wp\/v2\/product_tag?post=51695"}],"curies":[{"name":"wp","href":"https:\/\/api.w.org\/{rel}","templated":true}]}}