{"id":51761,"date":"2025-07-19T07:04:38","date_gmt":"2025-07-19T05:04:38","guid":{"rendered":"https:\/\/publimag.es\/producto\/pointer-child\/"},"modified":"2025-07-19T07:05:16","modified_gmt":"2025-07-19T05:05:16","slug":"pointer-child","status":"publish","type":"product","link":"https:\/\/publimag.es\/en\/product\/pointer-child\/","title":{"rendered":"POINTER CHILD"},"content":{"rendered":"<p>Long-sleeved T-shirt with side seams, a 4-ply crew neck, and 1x1 ribbed cuffs. Reinforced neck and shoulder seams.<br \/>Composition: 100% cotton, single jersey, 165 g\/m\u00b2.<br \/>Remarks: *Removable label.<br \/>\n<br \/><img decoding=\"async\" src=\"https:\/\/static.gorfactory.es\/pics\/measures\/CA_MC_HO.jpg\"><\/p>","protected":false},"excerpt":{"rendered":"<p>Camiseta de manga larga, costuras laterales, con cuello redondo de 4 capas y pu\u00f1os canal\u00e9 1&#215;1. Cubre costuras reforzado en cuello y hombros.Composici\u00f3n: 100% algod\u00f3n, punto liso, 165 g\/m\u00b2.Observaciones: *Etiqueta removible.<\/p>","protected":false},"featured_media":51762,"comment_status":"open","ping_status":"closed","template":"","meta":[],"product_brand":[],"product_cat":[44,58,42],"product_tag":[],"class_list":{"0":"post-51761","1":"product","2":"type-product","3":"status-publish","4":"has-post-thumbnail","6":"product_cat-t_shirts","7":"product_cat-cam_w","8":"product_cat-cam_po","10":"first","11":"instock","12":"shipping-taxable","13":"purchasable","14":"product-type-variable"},"_links":{"self":[{"href":"https:\/\/publimag.es\/en\/wp-json\/wp\/v2\/product\/51761","targetHints":{"allow":["GET"]}}],"collection":[{"href":"https:\/\/publimag.es\/en\/wp-json\/wp\/v2\/product"}],"about":[{"href":"https:\/\/publimag.es\/en\/wp-json\/wp\/v2\/types\/product"}],"replies":[{"embeddable":true,"href":"https:\/\/publimag.es\/en\/wp-json\/wp\/v2\/comments?post=51761"}],"wp:featuredmedia":[{"embeddable":true,"href":"https:\/\/publimag.es\/en\/wp-json\/wp\/v2\/media\/51762"}],"wp:attachment":[{"href":"https:\/\/publimag.es\/en\/wp-json\/wp\/v2\/media?parent=51761"}],"wp:term":[{"taxonomy":"product_brand","embeddable":true,"href":"https:\/\/publimag.es\/en\/wp-json\/wp\/v2\/product_brand?post=51761"},{"taxonomy":"product_cat","embeddable":true,"href":"https:\/\/publimag.es\/en\/wp-json\/wp\/v2\/product_cat?post=51761"},{"taxonomy":"product_tag","embeddable":true,"href":"https:\/\/publimag.es\/en\/wp-json\/wp\/v2\/product_tag?post=51761"}],"curies":[{"name":"wp","href":"https:\/\/api.w.org\/{rel}","templated":true}]}}