{"id":51965,"date":"2025-07-19T07:08:02","date_gmt":"2025-07-19T05:08:02","guid":{"rendered":"https:\/\/publimag.es\/producto\/extreme-woman\/"},"modified":"2025-07-19T07:09:44","modified_gmt":"2025-07-19T05:09:44","slug":"extreme-woman","status":"publish","type":"product","link":"https:\/\/publimag.es\/en\/product\/extreme-woman\/","title":{"rendered":"EXTREME WOMAN"},"content":{"rendered":"<p>Camiseta semientallada, de manga larga y cuello acabado con ribete fino. Sin pu\u00f1os. Costuras laterales.<br \/>Composition: 100% cotton, single jersey, 160 g\/m\u00b2.<br \/>\nGrey vigor\u00e9 58: 85% cotton \/ 15% viscose.<br \/>Observations: *Removable Label.<br \/>\n*D\u00fao Concept.<br \/><img decoding=\"async\" src=\"https:\/\/static.gorfactory.es\/pics\/measures\/CA1218.jpg\"><\/p>","protected":false},"excerpt":{"rendered":"<p>Camiseta semientallada, de manga larga y cuello acabado con ribete fino. Sin pu\u00f1os. Costuras laterales.Composici\u00f3n: 100% algod\u00f3n, punto liso, 160 g\/m\u00b2. Color gris vigor\u00e9 58: 85% algod\u00f3n \/ 15% viscosa.Observaciones: *Etiqueta Removible. *D\u00fao Concept.<\/p>","protected":false},"featured_media":51966,"comment_status":"open","ping_status":"closed","template":"","meta":[],"product_brand":[],"product_cat":[39,44,58,42,37],"product_tag":[],"class_list":{"0":"post-51965","1":"product","2":"type-product","3":"status-publish","4":"has-post-thumbnail","6":"product_cat-basic","7":"product_cat-t_shirts","8":"product_cat-cam_w","9":"product_cat-cam_po","10":"product_cat-workwear","12":"first","13":"instock","14":"shipping-taxable","15":"purchasable","16":"product-type-variable"},"_links":{"self":[{"href":"https:\/\/publimag.es\/en\/wp-json\/wp\/v2\/product\/51965","targetHints":{"allow":["GET"]}}],"collection":[{"href":"https:\/\/publimag.es\/en\/wp-json\/wp\/v2\/product"}],"about":[{"href":"https:\/\/publimag.es\/en\/wp-json\/wp\/v2\/types\/product"}],"replies":[{"embeddable":true,"href":"https:\/\/publimag.es\/en\/wp-json\/wp\/v2\/comments?post=51965"}],"wp:featuredmedia":[{"embeddable":true,"href":"https:\/\/publimag.es\/en\/wp-json\/wp\/v2\/media\/51966"}],"wp:attachment":[{"href":"https:\/\/publimag.es\/en\/wp-json\/wp\/v2\/media?parent=51965"}],"wp:term":[{"taxonomy":"product_brand","embeddable":true,"href":"https:\/\/publimag.es\/en\/wp-json\/wp\/v2\/product_brand?post=51965"},{"taxonomy":"product_cat","embeddable":true,"href":"https:\/\/publimag.es\/en\/wp-json\/wp\/v2\/product_cat?post=51965"},{"taxonomy":"product_tag","embeddable":true,"href":"https:\/\/publimag.es\/en\/wp-json\/wp\/v2\/product_tag?post=51965"}],"curies":[{"name":"wp","href":"https:\/\/api.w.org\/{rel}","templated":true}]}}