{"id":52071,"date":"2025-07-19T07:09:44","date_gmt":"2025-07-19T05:09:44","guid":{"rendered":"https:\/\/publimag.es\/producto\/shiba\/"},"modified":"2025-07-19T07:10:07","modified_gmt":"2025-07-19T05:10:07","slug":"shiba","status":"publish","type":"product","link":"https:\/\/publimag.es\/en\/product\/shiba\/","title":{"rendered":"SHIBA"},"content":{"rendered":"<p>Long-sleeved T-shirt with a round neck and 1x1 ribbed cuffs. Left chest pocket. Reinforced covered seams at the neck and shoulders.<br \/>Composition: 100% cotton, 165 g\/m\u00b2.<br \/>\n<br \/>Remarks: *Removable label. <br \/><img decoding=\"async\" src=\"https:\/\/static.gorfactory.es\/pics\/measures\/CA_MC_HO.jpg\"><\/p>","protected":false},"excerpt":{"rendered":"<p>Camiseta de manga larga con cuello redondo y pu\u00f1os en canal\u00e9 1&#215;1. Bolsillo en pecho izquierdo. Cubrecosturas reforzado en cuello y hombros.Composici\u00f3n: 100% algod\u00f3n, 165 g\/m\u00b2. Observaciones: *Etiqueta removible.<\/p>","protected":false},"featured_media":52072,"comment_status":"open","ping_status":"closed","template":"","meta":[],"product_brand":[],"product_cat":[39,44,58,42,37],"product_tag":[],"class_list":{"0":"post-52071","1":"product","2":"type-product","3":"status-publish","4":"has-post-thumbnail","6":"product_cat-basic","7":"product_cat-t_shirts","8":"product_cat-cam_w","9":"product_cat-cam_po","10":"product_cat-workwear","12":"first","13":"instock","14":"shipping-taxable","15":"purchasable","16":"product-type-variable"},"_links":{"self":[{"href":"https:\/\/publimag.es\/en\/wp-json\/wp\/v2\/product\/52071","targetHints":{"allow":["GET"]}}],"collection":[{"href":"https:\/\/publimag.es\/en\/wp-json\/wp\/v2\/product"}],"about":[{"href":"https:\/\/publimag.es\/en\/wp-json\/wp\/v2\/types\/product"}],"replies":[{"embeddable":true,"href":"https:\/\/publimag.es\/en\/wp-json\/wp\/v2\/comments?post=52071"}],"wp:featuredmedia":[{"embeddable":true,"href":"https:\/\/publimag.es\/en\/wp-json\/wp\/v2\/media\/52072"}],"wp:attachment":[{"href":"https:\/\/publimag.es\/en\/wp-json\/wp\/v2\/media?parent=52071"}],"wp:term":[{"taxonomy":"product_brand","embeddable":true,"href":"https:\/\/publimag.es\/en\/wp-json\/wp\/v2\/product_brand?post=52071"},{"taxonomy":"product_cat","embeddable":true,"href":"https:\/\/publimag.es\/en\/wp-json\/wp\/v2\/product_cat?post=52071"},{"taxonomy":"product_tag","embeddable":true,"href":"https:\/\/publimag.es\/en\/wp-json\/wp\/v2\/product_tag?post=52071"}],"curies":[{"name":"wp","href":"https:\/\/api.w.org\/{rel}","templated":true}]}}