{"id":52138,"date":"2025-07-19T07:11:22","date_gmt":"2025-07-19T05:11:22","guid":{"rendered":"https:\/\/publimag.es\/producto\/fiyi\/"},"modified":"2025-07-19T07:12:29","modified_gmt":"2025-07-19T05:12:29","slug":"fiyi","status":"publish","type":"product","link":"https:\/\/publimag.es\/en\/product\/fiyi\/","title":{"rendered":"FIJI"},"content":{"rendered":"<p>Women&#039;s short-sleeved T-shirt in 100% cotton with an acid-wash finish. 1x1 ribbed crew neck and side seams. Matching neck coverstitching.<br \/>Composition: 100% cotton, 180 g\/m\u00b2.<br \/><img decoding=\"async\" src=\"https:\/\/static.gorfactory.es\/pics\/measures\/CA_MC_MU.jpg\"><\/p>","protected":false},"excerpt":{"rendered":"<p>Camiseta de mujer de manga corta100% algod\u00f3n con acabado lavado \u00e1cido. Cuello redondo de canal\u00e9 1&#215;1 y costuras laterales. Cubrecosturas en cuello a tono.Composici\u00f3n: 100% algod\u00f3n, 180 g\/m\u00b2.<\/p>","protected":false},"featured_media":52139,"comment_status":"open","ping_status":"closed","template":"","meta":[],"product_brand":[],"product_cat":[44,45,42,35],"product_tag":[],"class_list":{"0":"post-52138","1":"product","2":"type-product","3":"status-publish","4":"has-post-thumbnail","6":"product_cat-t_shirts","7":"product_cat-cam","8":"product_cat-cam_po","9":"product_cat-novelty_roly","11":"first","12":"instock","13":"shipping-taxable","14":"purchasable","15":"product-type-variable"},"_links":{"self":[{"href":"https:\/\/publimag.es\/en\/wp-json\/wp\/v2\/product\/52138","targetHints":{"allow":["GET"]}}],"collection":[{"href":"https:\/\/publimag.es\/en\/wp-json\/wp\/v2\/product"}],"about":[{"href":"https:\/\/publimag.es\/en\/wp-json\/wp\/v2\/types\/product"}],"replies":[{"embeddable":true,"href":"https:\/\/publimag.es\/en\/wp-json\/wp\/v2\/comments?post=52138"}],"wp:featuredmedia":[{"embeddable":true,"href":"https:\/\/publimag.es\/en\/wp-json\/wp\/v2\/media\/52139"}],"wp:attachment":[{"href":"https:\/\/publimag.es\/en\/wp-json\/wp\/v2\/media?parent=52138"}],"wp:term":[{"taxonomy":"product_brand","embeddable":true,"href":"https:\/\/publimag.es\/en\/wp-json\/wp\/v2\/product_brand?post=52138"},{"taxonomy":"product_cat","embeddable":true,"href":"https:\/\/publimag.es\/en\/wp-json\/wp\/v2\/product_cat?post=52138"},{"taxonomy":"product_tag","embeddable":true,"href":"https:\/\/publimag.es\/en\/wp-json\/wp\/v2\/product_tag?post=52138"}],"curies":[{"name":"wp","href":"https:\/\/api.w.org\/{rel}","templated":true}]}}