{"id":52183,"date":"2025-07-19T07:12:30","date_gmt":"2025-07-19T05:12:30","guid":{"rendered":"https:\/\/publimag.es\/producto\/bugatti\/"},"modified":"2025-07-19T07:14:09","modified_gmt":"2025-07-19T05:14:09","slug":"bugatti","status":"publish","type":"product","link":"https:\/\/publimag.es\/en\/product\/bugatti\/","title":{"rendered":"BUGATTI"},"content":{"rendered":"<p>Breathable raglan-sleeved technical T-shirt. Round neck with matching overlock seams. Soft, lightweight, and quick-drying fabric. Contrasting sleeves and side panels. <br \/>Composition: 100% polyester, 140 g\/m\u00b2.<br \/>Remarks: *Removable label.<br \/>\n*Technical fabric.<br \/>\n*Breathable model. <br \/><img decoding=\"async\" src=\"https:\/\/static.gorfactory.es\/pics\/measures\/CA_MC_HO.jpg\"><\/p>","protected":false},"excerpt":{"rendered":"<p>Camiseta t\u00e9cnica de manga rangl\u00e1n transpirable. Cuello redondo con cubre costuras a tono. Tejido suave, ligero y f\u00e1cil secado. Mangas y paneles laterales a contraste. Composici\u00f3n: 100% poli\u00e9ster, 140 g\/m\u00b2.Observaciones: *Etiqueta removible. *Tejido t\u00e9cnico. *Modelo transpirable.<\/p>","protected":false},"featured_media":52184,"comment_status":"open","ping_status":"closed","template":"","meta":[],"product_brand":[],"product_cat":[27,26,25],"product_tag":[],"class_list":{"0":"post-52183","1":"product","2":"type-product","3":"status-publish","4":"has-post-thumbnail","6":"product_cat-sp_tshi","7":"product_cat-cam_sp","8":"product_cat-sports","10":"first","11":"instock","12":"shipping-taxable","13":"purchasable","14":"product-type-variable"},"_links":{"self":[{"href":"https:\/\/publimag.es\/en\/wp-json\/wp\/v2\/product\/52183","targetHints":{"allow":["GET"]}}],"collection":[{"href":"https:\/\/publimag.es\/en\/wp-json\/wp\/v2\/product"}],"about":[{"href":"https:\/\/publimag.es\/en\/wp-json\/wp\/v2\/types\/product"}],"replies":[{"embeddable":true,"href":"https:\/\/publimag.es\/en\/wp-json\/wp\/v2\/comments?post=52183"}],"wp:featuredmedia":[{"embeddable":true,"href":"https:\/\/publimag.es\/en\/wp-json\/wp\/v2\/media\/52184"}],"wp:attachment":[{"href":"https:\/\/publimag.es\/en\/wp-json\/wp\/v2\/media?parent=52183"}],"wp:term":[{"taxonomy":"product_brand","embeddable":true,"href":"https:\/\/publimag.es\/en\/wp-json\/wp\/v2\/product_brand?post=52183"},{"taxonomy":"product_cat","embeddable":true,"href":"https:\/\/publimag.es\/en\/wp-json\/wp\/v2\/product_cat?post=52183"},{"taxonomy":"product_tag","embeddable":true,"href":"https:\/\/publimag.es\/en\/wp-json\/wp\/v2\/product_tag?post=52183"}],"curies":[{"name":"wp","href":"https:\/\/api.w.org\/{rel}","templated":true}]}}