{"id":52293,"date":"2025-07-19T07:14:09","date_gmt":"2025-07-19T05:14:09","guid":{"rendered":"https:\/\/publimag.es\/producto\/monaco\/"},"modified":"2025-07-19T07:16:05","modified_gmt":"2025-07-19T05:16:05","slug":"monaco","status":"publish","type":"product","link":"https:\/\/publimag.es\/en\/product\/monaco\/","title":{"rendered":"MONACO"},"content":{"rendered":"<p>Camiseta t\u00e9cnica de manga rangl\u00e1n unisex. Combinaci\u00f3n de dos tejidos, frontal interlock y espalda rejilla 3D, ofrece un rendimiento vers\u00e1til y suave. Cubre costuras de refuerzo a contraste en color amarillo fl\u00faor. Bajo espalda ligeramente m\u00e1s largo que el delantero.<br \/>\n <br \/>Composici\u00f3n: Tejido delantero: 100% poli\u00e9ster. Tejido trasero: 100% poli\u00e9ster rejilla 3D, 140g\/m\u00b2.<br \/>Observations: Breathable, easy-drying model.<br \/>\n*Removable label.<br \/>\n*Technical fabric.<br \/>\n*Breathable model. <br \/><img decoding=\"async\" src=\"https:\/\/static.gorfactory.es\/pics\/measures\/CA_MC_HO.jpg\"><\/p>","protected":false},"excerpt":{"rendered":"<p>Camiseta t\u00e9cnica de manga rangl\u00e1n unisex. Combinaci\u00f3n de dos tejidos, frontal interlock y espalda rejilla 3D, ofrece un rendimiento vers\u00e1til y suave. Cubre costuras de refuerzo a contraste en color amarillo fl\u00faor. Bajo espalda ligeramente m\u00e1s largo que el delantero. Composici\u00f3n: Tejido delantero: 100% poli\u00e9ster. Tejido trasero: 100% poli\u00e9ster rejilla 3D, 140g\/m\u00b2.Observaciones: Modelo transpirable de&hellip;<\/p>","protected":false},"featured_media":52294,"comment_status":"open","ping_status":"closed","template":"","meta":[],"product_brand":[],"product_cat":[27,26,25],"product_tag":[],"class_list":{"0":"post-52293","1":"product","2":"type-product","3":"status-publish","4":"has-post-thumbnail","6":"product_cat-sp_tshi","7":"product_cat-cam_sp","8":"product_cat-sports","10":"first","11":"instock","12":"shipping-taxable","13":"purchasable","14":"product-type-variable"},"_links":{"self":[{"href":"https:\/\/publimag.es\/en\/wp-json\/wp\/v2\/product\/52293","targetHints":{"allow":["GET"]}}],"collection":[{"href":"https:\/\/publimag.es\/en\/wp-json\/wp\/v2\/product"}],"about":[{"href":"https:\/\/publimag.es\/en\/wp-json\/wp\/v2\/types\/product"}],"replies":[{"embeddable":true,"href":"https:\/\/publimag.es\/en\/wp-json\/wp\/v2\/comments?post=52293"}],"wp:featuredmedia":[{"embeddable":true,"href":"https:\/\/publimag.es\/en\/wp-json\/wp\/v2\/media\/52294"}],"wp:attachment":[{"href":"https:\/\/publimag.es\/en\/wp-json\/wp\/v2\/media?parent=52293"}],"wp:term":[{"taxonomy":"product_brand","embeddable":true,"href":"https:\/\/publimag.es\/en\/wp-json\/wp\/v2\/product_brand?post=52293"},{"taxonomy":"product_cat","embeddable":true,"href":"https:\/\/publimag.es\/en\/wp-json\/wp\/v2\/product_cat?post=52293"},{"taxonomy":"product_tag","embeddable":true,"href":"https:\/\/publimag.es\/en\/wp-json\/wp\/v2\/product_tag?post=52293"}],"curies":[{"name":"wp","href":"https:\/\/api.w.org\/{rel}","templated":true}]}}