{"id":52421,"date":"2025-07-19T07:16:05","date_gmt":"2025-07-19T05:16:05","guid":{"rendered":"https:\/\/publimag.es\/producto\/atomic-150\/"},"modified":"2025-07-19T07:17:35","modified_gmt":"2025-07-19T05:17:35","slug":"atomic-150","status":"publish","type":"product","link":"https:\/\/publimag.es\/en\/product\/atomic-150\/","title":{"rendered":"ATOMIC 150"},"content":{"rendered":"<p>Short-sleeved tubular T-shirt with a 1x1 ribbed crew neck and self-fabric neck seam coverstitching.<br \/>\nIdeal T-shirt for applying printing techniques. <br \/>Composition: 100% cotton, single jersey, 150 g\/m\u00b2.<br \/>\nGrey vigor\u00e9 58: 85% cotton \/ 15% viscose.<br \/>Notes: *The quality and colors of this model do not meet the brand&#039;s own standards. <br \/><img decoding=\"async\" src=\"https:\/\/static.gorfactory.es\/pics\/measures\/CA_MC_HO.jpg\"><\/p>","protected":false},"excerpt":{"rendered":"<p>Camiseta de manga corta tubular. Cuello redondo en canal\u00e9 1&#215;1 con cubrecosturas en cuello del mismo tejido. Id\u00f3nea camiseta para aplicar t\u00e9cnicas de impresi\u00f3n. Composici\u00f3n: 100% algod\u00f3n, punto liso, 150 g\/m\u00b2. Color gris vigor\u00e9 58: 85% algod\u00f3n \/ 15% viscosa.Observaciones: *La calidad y los colores de este modelo no siguen los est\u00e1ndares propios de la&hellip;<\/p>","protected":false},"featured_media":52422,"comment_status":"open","ping_status":"closed","template":"","meta":[],"product_brand":[],"product_cat":[44,45,42],"product_tag":[],"class_list":{"0":"post-52421","1":"product","2":"type-product","3":"status-publish","4":"has-post-thumbnail","6":"product_cat-t_shirts","7":"product_cat-cam","8":"product_cat-cam_po","10":"first","11":"instock","12":"shipping-taxable","13":"purchasable","14":"product-type-variable"},"_links":{"self":[{"href":"https:\/\/publimag.es\/en\/wp-json\/wp\/v2\/product\/52421","targetHints":{"allow":["GET"]}}],"collection":[{"href":"https:\/\/publimag.es\/en\/wp-json\/wp\/v2\/product"}],"about":[{"href":"https:\/\/publimag.es\/en\/wp-json\/wp\/v2\/types\/product"}],"replies":[{"embeddable":true,"href":"https:\/\/publimag.es\/en\/wp-json\/wp\/v2\/comments?post=52421"}],"wp:featuredmedia":[{"embeddable":true,"href":"https:\/\/publimag.es\/en\/wp-json\/wp\/v2\/media\/52422"}],"wp:attachment":[{"href":"https:\/\/publimag.es\/en\/wp-json\/wp\/v2\/media?parent=52421"}],"wp:term":[{"taxonomy":"product_brand","embeddable":true,"href":"https:\/\/publimag.es\/en\/wp-json\/wp\/v2\/product_brand?post=52421"},{"taxonomy":"product_cat","embeddable":true,"href":"https:\/\/publimag.es\/en\/wp-json\/wp\/v2\/product_cat?post=52421"},{"taxonomy":"product_tag","embeddable":true,"href":"https:\/\/publimag.es\/en\/wp-json\/wp\/v2\/product_tag?post=52421"}],"curies":[{"name":"wp","href":"https:\/\/api.w.org\/{rel}","templated":true}]}}