{"id":52523,"date":"2025-07-19T07:17:35","date_gmt":"2025-07-19T05:17:35","guid":{"rendered":"https:\/\/publimag.es\/producto\/dogo-premium\/"},"modified":"2025-07-19T07:23:42","modified_gmt":"2025-07-19T05:23:42","slug":"dogo-premium","status":"publish","type":"product","link":"https:\/\/publimag.es\/en\/product\/dogo-premium\/","title":{"rendered":"DOGO PREMIUM"},"content":{"rendered":"<p>Short-sleeved T-shirt. 4-ply 1x1 rib crew neck with shoulder-to-shoulder taping. Side seams.<br \/>Composition: 100% cotton, single jersey, 165 g\/m\u00b2.<br \/>\nGrey vigor\u00e9 58: 85% cotton \/ 15% viscose.<br \/>Observations: *Size 4XL in the colors: white 01, black 02, navy 55, bottle green 56, royal 05 and gray 58.<br \/>\n*Size 5XL in white 01 and black 02.<br \/>\n*Removable label.<br \/>\n*Children&#039;s sizes available.<br \/>\n*Female available.<br \/><img decoding=\"async\" src=\"https:\/\/static.gorfactory.es\/pics\/measures\/CA_MC_HO.jpg\"><\/p>","protected":false},"excerpt":{"rendered":"<p>Camiseta de manga corta. Cuello redondo de 4 capas en canal\u00e9 1&#215;1 con cubrecosturas de hombro a hombro. Costuras laterales.Composici\u00f3n: 100% algod\u00f3n, punto liso, 165 g\/m\u00b2. Color gris vigor\u00e9 58: 85% algod\u00f3n \/ 15% viscosa.Observaciones: *Talla 4XL en los colores: blanco 01, negro 02, marino 55, verde botella 56, royal 05 y gris 58. *Talla&hellip;<\/p>","protected":false},"featured_media":52524,"comment_status":"open","ping_status":"closed","template":"","meta":[],"product_brand":[],"product_cat":[39,44,45,42,37],"product_tag":[],"class_list":{"0":"post-52523","1":"product","2":"type-product","3":"status-publish","4":"has-post-thumbnail","6":"product_cat-basic","7":"product_cat-t_shirts","8":"product_cat-cam","9":"product_cat-cam_po","10":"product_cat-workwear","12":"first","13":"instock","14":"shipping-taxable","15":"purchasable","16":"product-type-variable"},"_links":{"self":[{"href":"https:\/\/publimag.es\/en\/wp-json\/wp\/v2\/product\/52523","targetHints":{"allow":["GET"]}}],"collection":[{"href":"https:\/\/publimag.es\/en\/wp-json\/wp\/v2\/product"}],"about":[{"href":"https:\/\/publimag.es\/en\/wp-json\/wp\/v2\/types\/product"}],"replies":[{"embeddable":true,"href":"https:\/\/publimag.es\/en\/wp-json\/wp\/v2\/comments?post=52523"}],"wp:featuredmedia":[{"embeddable":true,"href":"https:\/\/publimag.es\/en\/wp-json\/wp\/v2\/media\/52524"}],"wp:attachment":[{"href":"https:\/\/publimag.es\/en\/wp-json\/wp\/v2\/media?parent=52523"}],"wp:term":[{"taxonomy":"product_brand","embeddable":true,"href":"https:\/\/publimag.es\/en\/wp-json\/wp\/v2\/product_brand?post=52523"},{"taxonomy":"product_cat","embeddable":true,"href":"https:\/\/publimag.es\/en\/wp-json\/wp\/v2\/product_cat?post=52523"},{"taxonomy":"product_tag","embeddable":true,"href":"https:\/\/publimag.es\/en\/wp-json\/wp\/v2\/product_tag?post=52523"}],"curies":[{"name":"wp","href":"https:\/\/api.w.org\/{rel}","templated":true}]}}