{"id":53284,"date":"2025-07-19T07:30:39","date_gmt":"2025-07-19T05:30:39","guid":{"rendered":"https:\/\/publimag.es\/producto\/nara\/"},"modified":"2025-07-19T07:31:48","modified_gmt":"2025-07-19T05:31:48","slug":"nara","status":"publish","type":"product","link":"https:\/\/publimag.es\/en\/product\/nara\/","title":{"rendered":"NARA"},"content":{"rendered":"<p>Women&#039;s loose-fitting T-shirt with wide straps. 1x1 ribbed neckline and armholes. Rounded hem. Side seams.<br \/>Composition: 100% Cotton, 150 g\/m\u00b2<br \/>\nGrey Vigor\u00e9 58: 85% cotton and 15% viscose<br \/>Remarks: *Removable label<br \/><img decoding=\"async\" src=\"https:\/\/static.gorfactory.es\/pics\/measures\/CA_MC_MU.jpg\"><\/p>","protected":false},"excerpt":{"rendered":"<p>Camiseta amplia de mujer de tirante ancho. Escote y sisas en canal\u00e9 1&#215;1. Bajo con forma redondeada. Costuras laterales.Composici\u00f3n: 100% Algod\u00f3n, 150 g\/m\u00b2 Gris vigor\u00e9 58: 85% algod\u00f3n y 15% viscosaObservaciones: *Etiqueta removible<\/p>","protected":false},"featured_media":53285,"comment_status":"open","ping_status":"closed","template":"","meta":[],"product_brand":[],"product_cat":[44,71,42],"product_tag":[],"class_list":{"0":"post-53284","1":"product","2":"type-product","3":"status-publish","4":"has-post-thumbnail","6":"product_cat-t_shirts","7":"product_cat-cat","8":"product_cat-cam_po","10":"first","11":"instock","12":"shipping-taxable","13":"purchasable","14":"product-type-variable"},"_links":{"self":[{"href":"https:\/\/publimag.es\/en\/wp-json\/wp\/v2\/product\/53284","targetHints":{"allow":["GET"]}}],"collection":[{"href":"https:\/\/publimag.es\/en\/wp-json\/wp\/v2\/product"}],"about":[{"href":"https:\/\/publimag.es\/en\/wp-json\/wp\/v2\/types\/product"}],"replies":[{"embeddable":true,"href":"https:\/\/publimag.es\/en\/wp-json\/wp\/v2\/comments?post=53284"}],"wp:featuredmedia":[{"embeddable":true,"href":"https:\/\/publimag.es\/en\/wp-json\/wp\/v2\/media\/53285"}],"wp:attachment":[{"href":"https:\/\/publimag.es\/en\/wp-json\/wp\/v2\/media?parent=53284"}],"wp:term":[{"taxonomy":"product_brand","embeddable":true,"href":"https:\/\/publimag.es\/en\/wp-json\/wp\/v2\/product_brand?post=53284"},{"taxonomy":"product_cat","embeddable":true,"href":"https:\/\/publimag.es\/en\/wp-json\/wp\/v2\/product_cat?post=53284"},{"taxonomy":"product_tag","embeddable":true,"href":"https:\/\/publimag.es\/en\/wp-json\/wp\/v2\/product_tag?post=53284"}],"curies":[{"name":"wp","href":"https:\/\/api.w.org\/{rel}","templated":true}]}}