{"id":53993,"date":"2025-07-19T07:42:55","date_gmt":"2025-07-19T05:42:55","guid":{"rendered":"https:\/\/publimag.es\/producto\/bull\/"},"modified":"2025-07-19T07:44:22","modified_gmt":"2025-07-19T05:44:22","slug":"bull","status":"publish","type":"product","link":"https:\/\/publimag.es\/en\/product\/bull\/","title":{"rendered":"BULL"},"content":{"rendered":"<p>Oversized short-sleeved T-shirt. Round neckline with 2x1 rib trim and matching overlock seams. Side seams. Wide double-needle stitching on the sleeve and hem.<br \/>Composition: 100% Cotton, 210 g\/m\u00b2<br \/>Remarks: * Removable label<br \/><img decoding=\"async\" src=\"https:\/\/static.gorfactory.es\/pics\/measures\/CA_MC_HO.jpg\"><\/p>","protected":false},"excerpt":{"rendered":"<p>Camiseta de manga corta estilo oversize. Cuello redondo ribeteado en canal\u00e9 2&#215;1 con cubrecosturas a tono. Costuras laterales. Doble costura ancha en manga y bajo.Composici\u00f3n: 100% Algod\u00f3n, 210 g\/m\u00b2Observaciones: * Etiqueta removible<\/p>","protected":false},"featured_media":53994,"comment_status":"open","ping_status":"closed","template":"","meta":[],"product_brand":[],"product_cat":[44,45,42,35],"product_tag":[],"class_list":{"0":"post-53993","1":"product","2":"type-product","3":"status-publish","4":"has-post-thumbnail","6":"product_cat-t_shirts","7":"product_cat-cam","8":"product_cat-cam_po","9":"product_cat-novelty_roly","11":"first","12":"instock","13":"shipping-taxable","14":"purchasable","15":"product-type-variable"},"_links":{"self":[{"href":"https:\/\/publimag.es\/en\/wp-json\/wp\/v2\/product\/53993","targetHints":{"allow":["GET"]}}],"collection":[{"href":"https:\/\/publimag.es\/en\/wp-json\/wp\/v2\/product"}],"about":[{"href":"https:\/\/publimag.es\/en\/wp-json\/wp\/v2\/types\/product"}],"replies":[{"embeddable":true,"href":"https:\/\/publimag.es\/en\/wp-json\/wp\/v2\/comments?post=53993"}],"wp:featuredmedia":[{"embeddable":true,"href":"https:\/\/publimag.es\/en\/wp-json\/wp\/v2\/media\/53994"}],"wp:attachment":[{"href":"https:\/\/publimag.es\/en\/wp-json\/wp\/v2\/media?parent=53993"}],"wp:term":[{"taxonomy":"product_brand","embeddable":true,"href":"https:\/\/publimag.es\/en\/wp-json\/wp\/v2\/product_brand?post=53993"},{"taxonomy":"product_cat","embeddable":true,"href":"https:\/\/publimag.es\/en\/wp-json\/wp\/v2\/product_cat?post=53993"},{"taxonomy":"product_tag","embeddable":true,"href":"https:\/\/publimag.es\/en\/wp-json\/wp\/v2\/product_tag?post=53993"}],"curies":[{"name":"wp","href":"https:\/\/api.w.org\/{rel}","templated":true}]}}