{"id":54285,"date":"2025-07-19T07:48:00","date_gmt":"2025-07-19T05:48:00","guid":{"rendered":"https:\/\/publimag.es\/producto\/bali\/"},"modified":"2025-07-19T07:48:23","modified_gmt":"2025-07-19T05:48:23","slug":"bali","status":"publish","type":"product","link":"https:\/\/publimag.es\/en\/product\/bali\/","title":{"rendered":"BALI"},"content":{"rendered":"<p>Short-sleeved T-shirt with a narrow ribbed collar. Easy-to-wash and dry fabric, very comfortable. Slim fit with side seams.<br \/>Composition: 95% cotton \/ 5% elastane, single jersey, 200 g\/m\u00b2.<br \/>Remarks: *Removable label.<br \/><img decoding=\"async\" src=\"https:\/\/static.gorfactory.es\/pics\/measures\/CA_MC_MU.jpg\"><\/p>","protected":false},"excerpt":{"rendered":"<p>Camiseta de manga corta con cuello fino ribeteado. Tejido de f\u00e1cil lavado y secado, muy confortable. Corte entallado con costuras laterales.Composici\u00f3n: 95% algod\u00f3n \/ 5% elastano, punto liso, 200 g\/m\u00b2.Observaciones: *Etiqueta removible.<\/p>","protected":false},"featured_media":54286,"comment_status":"open","ping_status":"closed","template":"","meta":[],"product_brand":[],"product_cat":[39,44,45,42,37],"product_tag":[],"class_list":{"0":"post-54285","1":"product","2":"type-product","3":"status-publish","4":"has-post-thumbnail","6":"product_cat-basic","7":"product_cat-t_shirts","8":"product_cat-cam","9":"product_cat-cam_po","10":"product_cat-workwear","12":"first","13":"instock","14":"shipping-taxable","15":"purchasable","16":"product-type-variable"},"_links":{"self":[{"href":"https:\/\/publimag.es\/en\/wp-json\/wp\/v2\/product\/54285","targetHints":{"allow":["GET"]}}],"collection":[{"href":"https:\/\/publimag.es\/en\/wp-json\/wp\/v2\/product"}],"about":[{"href":"https:\/\/publimag.es\/en\/wp-json\/wp\/v2\/types\/product"}],"replies":[{"embeddable":true,"href":"https:\/\/publimag.es\/en\/wp-json\/wp\/v2\/comments?post=54285"}],"wp:featuredmedia":[{"embeddable":true,"href":"https:\/\/publimag.es\/en\/wp-json\/wp\/v2\/media\/54286"}],"wp:attachment":[{"href":"https:\/\/publimag.es\/en\/wp-json\/wp\/v2\/media?parent=54285"}],"wp:term":[{"taxonomy":"product_brand","embeddable":true,"href":"https:\/\/publimag.es\/en\/wp-json\/wp\/v2\/product_brand?post=54285"},{"taxonomy":"product_cat","embeddable":true,"href":"https:\/\/publimag.es\/en\/wp-json\/wp\/v2\/product_cat?post=54285"},{"taxonomy":"product_tag","embeddable":true,"href":"https:\/\/publimag.es\/en\/wp-json\/wp\/v2\/product_tag?post=54285"}],"curies":[{"name":"wp","href":"https:\/\/api.w.org\/{rel}","templated":true}]}}