{"id":54782,"date":"2025-07-19T07:56:31","date_gmt":"2025-07-19T05:56:31","guid":{"rendered":"https:\/\/publimag.es\/producto\/austin-woman\/"},"modified":"2025-07-19T07:57:06","modified_gmt":"2025-07-19T05:57:06","slug":"austin-woman","status":"publish","type":"product","link":"https:\/\/publimag.es\/en\/product\/austin-woman\/","title":{"rendered":"AUSTIN WOMAN"},"content":{"rendered":"<p>Women&#039;s fitted technical T-shirt made of polyester fabric with short raglan sleeves. Crew neck. The fabric drapes comfortably and adapts easily to the body. <br \/>Composition: 100% polyester space dye, 140 g\/m\u00b2.<br \/>Observations: *Breathable, easy-drying model.<br \/>\n*Web images may appear one color or another depending on the screen.<br \/>\n*Removable label.<br \/>\n*Technical fabric.<br \/><img decoding=\"async\" src=\"https:\/\/static.gorfactory.es\/pics\/measures\/CA_MC_MU.jpg\"><\/p>","protected":false},"excerpt":{"rendered":"<p>Camiseta t\u00e9cnica entallada de mujer en tejido poli\u00e9ster de manga corta estilo rangl\u00e1n. Cuello redondo. Camiseta de tejido con ca\u00edda confortable y f\u00e1cilmente adaptable al cuerpo. Composici\u00f3n: 100% poli\u00e9ster space dye,140 g\/m\u00b2.Observaciones: *Modelo transpirable de f\u00e1cil secado. *Las im\u00e1genes de web son susceptibles de verse de un color u otro en funci\u00f3n de la pantalla.&hellip;<\/p>","protected":false},"featured_media":54783,"comment_status":"open","ping_status":"closed","template":"","meta":[],"product_brand":[],"product_cat":[27,26,25],"product_tag":[],"class_list":{"0":"post-54782","1":"product","2":"type-product","3":"status-publish","4":"has-post-thumbnail","6":"product_cat-sp_tshi","7":"product_cat-cam_sp","8":"product_cat-sports","10":"first","11":"instock","12":"shipping-taxable","13":"purchasable","14":"product-type-variable"},"_links":{"self":[{"href":"https:\/\/publimag.es\/en\/wp-json\/wp\/v2\/product\/54782","targetHints":{"allow":["GET"]}}],"collection":[{"href":"https:\/\/publimag.es\/en\/wp-json\/wp\/v2\/product"}],"about":[{"href":"https:\/\/publimag.es\/en\/wp-json\/wp\/v2\/types\/product"}],"replies":[{"embeddable":true,"href":"https:\/\/publimag.es\/en\/wp-json\/wp\/v2\/comments?post=54782"}],"wp:featuredmedia":[{"embeddable":true,"href":"https:\/\/publimag.es\/en\/wp-json\/wp\/v2\/media\/54783"}],"wp:attachment":[{"href":"https:\/\/publimag.es\/en\/wp-json\/wp\/v2\/media?parent=54782"}],"wp:term":[{"taxonomy":"product_brand","embeddable":true,"href":"https:\/\/publimag.es\/en\/wp-json\/wp\/v2\/product_brand?post=54782"},{"taxonomy":"product_cat","embeddable":true,"href":"https:\/\/publimag.es\/en\/wp-json\/wp\/v2\/product_cat?post=54782"},{"taxonomy":"product_tag","embeddable":true,"href":"https:\/\/publimag.es\/en\/wp-json\/wp\/v2\/product_tag?post=54782"}],"curies":[{"name":"wp","href":"https:\/\/api.w.org\/{rel}","templated":true}]}}