{"id":55137,"date":"2025-07-19T08:02:26","date_gmt":"2025-07-19T06:02:26","guid":{"rendered":"https:\/\/publimag.es\/producto\/aida\/"},"modified":"2025-07-19T08:04:21","modified_gmt":"2025-07-19T06:04:21","slug":"aida","status":"publish","type":"product","link":"https:\/\/publimag.es\/en\/product\/aida\/","title":{"rendered":"AIDA"},"content":{"rendered":"<p>Breathable, fitted technical tank top. Racerback with bound neckline and armholes. Easy-drying, cotton-feel polyester fabric. Slim fit. <br \/>Composition: 92% polyester \/ 8% elastane, 160 g\/m\u00b2.<br \/>Observations: Breathable, easy-drying model.<br \/>\n*Soft touch.<br \/>\n*Removable label.<br \/>\n*On the black color of this model only embroidery can be applied, no other reprocessing.<br \/><img decoding=\"async\" src=\"https:\/\/static.gorfactory.es\/pics\/measures\/CA_MC_MU.jpg\"><\/p>","protected":false},"excerpt":{"rendered":"<p>Camiseta t\u00e9cnica de tirantes entallada transpirable. Espalda nadadora con escote y sisas ribeteado. Tejido poli\u00e9ster tacto algod\u00f3n de secado f\u00e1cil. Corte entallado. Composici\u00f3n: 92% poli\u00e9ster \/ 8% elastano, 160 g\/m\u00b2.Observaciones: Modelo transpirable de f\u00e1cil secado. *Tacto suave. *Etiqueta removible. *En el color negro de este modelo s\u00f3lo se puede aplicar bordado, ning\u00fan otro reproceso.<\/p>","protected":false},"featured_media":55138,"comment_status":"open","ping_status":"closed","template":"","meta":[],"product_brand":[],"product_cat":[27,26,25],"product_tag":[],"class_list":{"0":"post-55137","1":"product","2":"type-product","3":"status-publish","4":"has-post-thumbnail","6":"product_cat-sp_tshi","7":"product_cat-cam_sp","8":"product_cat-sports","10":"first","11":"instock","12":"shipping-taxable","13":"purchasable","14":"product-type-variable"},"_links":{"self":[{"href":"https:\/\/publimag.es\/en\/wp-json\/wp\/v2\/product\/55137","targetHints":{"allow":["GET"]}}],"collection":[{"href":"https:\/\/publimag.es\/en\/wp-json\/wp\/v2\/product"}],"about":[{"href":"https:\/\/publimag.es\/en\/wp-json\/wp\/v2\/types\/product"}],"replies":[{"embeddable":true,"href":"https:\/\/publimag.es\/en\/wp-json\/wp\/v2\/comments?post=55137"}],"wp:featuredmedia":[{"embeddable":true,"href":"https:\/\/publimag.es\/en\/wp-json\/wp\/v2\/media\/55138"}],"wp:attachment":[{"href":"https:\/\/publimag.es\/en\/wp-json\/wp\/v2\/media?parent=55137"}],"wp:term":[{"taxonomy":"product_brand","embeddable":true,"href":"https:\/\/publimag.es\/en\/wp-json\/wp\/v2\/product_brand?post=55137"},{"taxonomy":"product_cat","embeddable":true,"href":"https:\/\/publimag.es\/en\/wp-json\/wp\/v2\/product_cat?post=55137"},{"taxonomy":"product_tag","embeddable":true,"href":"https:\/\/publimag.es\/en\/wp-json\/wp\/v2\/product_tag?post=55137"}],"curies":[{"name":"wp","href":"https:\/\/api.w.org\/{rel}","templated":true}]}}