{"id":55377,"date":"2025-07-19T08:06:29","date_gmt":"2025-07-19T06:06:29","guid":{"rendered":"https:\/\/publimag.es\/producto\/fox-woman\/"},"modified":"2025-07-19T08:07:19","modified_gmt":"2025-07-19T06:07:19","slug":"fox-woman","status":"publish","type":"product","link":"https:\/\/publimag.es\/en\/product\/fox-woman\/","title":{"rendered":"FOX WOMAN"},"content":{"rendered":"<p>Slightly fitted short-sleeved T-shirt with a woven finish. 1x1 ribbed crew neck with inner seam covers. Side seams. <br \/>Composition: 65% polyester \/ 35% cotton, single jersey, 150 g\/m\u00b2. <br \/>Remarks: *Removable label.<br \/>\n*Duo concept. <br \/><img decoding=\"async\" src=\"https:\/\/static.gorfactory.es\/pics\/measures\/CA_MC_MU.jpg\"><\/p>","protected":false},"excerpt":{"rendered":"<p>Camiseta manga corta ligeramente entallada con acabado vigor\u00e9. Cuello redondo en punto canal\u00e9 1&#215;1 con cubre costuras interior. Costuras laterales. Composici\u00f3n: 65% poli\u00e9ster \/ 35% algod\u00f3n, punto liso, 150 g\/m\u00b2. Observaciones: *Etiqueta removible. *Duo concept.<\/p>","protected":false},"featured_media":55378,"comment_status":"open","ping_status":"closed","template":"","meta":[],"product_brand":[],"product_cat":[39,44,45,42,37],"product_tag":[],"class_list":{"0":"post-55377","1":"product","2":"type-product","3":"status-publish","4":"has-post-thumbnail","6":"product_cat-basic","7":"product_cat-t_shirts","8":"product_cat-cam","9":"product_cat-cam_po","10":"product_cat-workwear","12":"first","13":"instock","14":"shipping-taxable","15":"purchasable","16":"product-type-variable"},"_links":{"self":[{"href":"https:\/\/publimag.es\/en\/wp-json\/wp\/v2\/product\/55377","targetHints":{"allow":["GET"]}}],"collection":[{"href":"https:\/\/publimag.es\/en\/wp-json\/wp\/v2\/product"}],"about":[{"href":"https:\/\/publimag.es\/en\/wp-json\/wp\/v2\/types\/product"}],"replies":[{"embeddable":true,"href":"https:\/\/publimag.es\/en\/wp-json\/wp\/v2\/comments?post=55377"}],"wp:featuredmedia":[{"embeddable":true,"href":"https:\/\/publimag.es\/en\/wp-json\/wp\/v2\/media\/55378"}],"wp:attachment":[{"href":"https:\/\/publimag.es\/en\/wp-json\/wp\/v2\/media?parent=55377"}],"wp:term":[{"taxonomy":"product_brand","embeddable":true,"href":"https:\/\/publimag.es\/en\/wp-json\/wp\/v2\/product_brand?post=55377"},{"taxonomy":"product_cat","embeddable":true,"href":"https:\/\/publimag.es\/en\/wp-json\/wp\/v2\/product_cat?post=55377"},{"taxonomy":"product_tag","embeddable":true,"href":"https:\/\/publimag.es\/en\/wp-json\/wp\/v2\/product_tag?post=55377"}],"curies":[{"name":"wp","href":"https:\/\/api.w.org\/{rel}","templated":true}]}}