{"id":56161,"date":"2025-07-19T08:21:26","date_gmt":"2025-07-19T06:21:26","guid":{"rendered":"https:\/\/publimag.es\/producto\/dominica\/"},"modified":"2025-07-19T08:22:08","modified_gmt":"2025-07-19T06:22:08","slug":"dominica","status":"publish","type":"product","link":"https:\/\/publimag.es\/en\/product\/dominica\/","title":{"rendered":"DOMINICA"},"content":{"rendered":"<p>Women&#039;s loose-fitting short-sleeved T-shirt with a round neckline and wide 1x1 ribbed trim. Matching reinforced overlock seams.<br \/>Composition: 100% cotton, plain knit 170 g\/m\u00b2.<br \/>\nFluorescent pink lady color 125: 65% polyester \/ 35% cotton.<br \/>Remarks: *Removable label. <br \/><img decoding=\"async\" src=\"https:\/\/static.gorfactory.es\/pics\/measures\/CA_MC_MU.jpg\"><\/p>","protected":false},"excerpt":{"rendered":"<p>Camiseta de talle corto y holgado para mujer con manga corta. Cuello redondo con ribete ancho en canal\u00e9 1&#215;1. Cubrecosturas reforzado a tono.Composici\u00f3n: 100% algod\u00f3n, punto liso 170 g\/m\u00b2. Color rosa lady fl\u00faor 125: 65% poli\u00e9ster \/ 35% algod\u00f3n.Observaciones: *Etiqueta removible.<\/p>","protected":false},"featured_media":56162,"comment_status":"open","ping_status":"closed","template":"","meta":[],"product_brand":[],"product_cat":[44,45,42],"product_tag":[],"class_list":{"0":"post-56161","1":"product","2":"type-product","3":"status-publish","4":"has-post-thumbnail","6":"product_cat-t_shirts","7":"product_cat-cam","8":"product_cat-cam_po","10":"first","11":"instock","12":"shipping-taxable","13":"purchasable","14":"product-type-variable"},"_links":{"self":[{"href":"https:\/\/publimag.es\/en\/wp-json\/wp\/v2\/product\/56161","targetHints":{"allow":["GET"]}}],"collection":[{"href":"https:\/\/publimag.es\/en\/wp-json\/wp\/v2\/product"}],"about":[{"href":"https:\/\/publimag.es\/en\/wp-json\/wp\/v2\/types\/product"}],"replies":[{"embeddable":true,"href":"https:\/\/publimag.es\/en\/wp-json\/wp\/v2\/comments?post=56161"}],"wp:featuredmedia":[{"embeddable":true,"href":"https:\/\/publimag.es\/en\/wp-json\/wp\/v2\/media\/56162"}],"wp:attachment":[{"href":"https:\/\/publimag.es\/en\/wp-json\/wp\/v2\/media?parent=56161"}],"wp:term":[{"taxonomy":"product_brand","embeddable":true,"href":"https:\/\/publimag.es\/en\/wp-json\/wp\/v2\/product_brand?post=56161"},{"taxonomy":"product_cat","embeddable":true,"href":"https:\/\/publimag.es\/en\/wp-json\/wp\/v2\/product_cat?post=56161"},{"taxonomy":"product_tag","embeddable":true,"href":"https:\/\/publimag.es\/en\/wp-json\/wp\/v2\/product_tag?post=56161"}],"curies":[{"name":"wp","href":"https:\/\/api.w.org\/{rel}","templated":true}]}}