{"id":56381,"date":"2025-07-19T08:25:23","date_gmt":"2025-07-19T06:25:23","guid":{"rendered":"https:\/\/publimag.es\/producto\/hawaii\/"},"modified":"2025-07-19T08:25:45","modified_gmt":"2025-07-19T06:25:45","slug":"hawaii","status":"publish","type":"product","link":"https:\/\/publimag.es\/en\/product\/hawaii\/","title":{"rendered":"HAWAII"},"content":{"rendered":"<p>Women&#039;s fitted short-sleeved T-shirt with a round neckline and self-fabric trim and side seams. Made of cotton-feel polyester. <br \/>Composition: 100% polyester, cotton feel, 150 g\/m\u00b2.<br \/>Observations: Special product for sublimation.<br \/>\n*Adhesive label. <br \/><img decoding=\"async\" src=\"https:\/\/static.gorfactory.es\/pics\/measures\/CA_MC_MU.jpg\"><\/p>","protected":false},"excerpt":{"rendered":"<p>Camiseta de mujer de manga corta de dise\u00f1o entallado con cuello redondo ribeteado en el mismo tejido y costuras laterales. Tejido de poli\u00e9ster con tacto algod\u00f3n. Composici\u00f3n: 100% poli\u00e9ster, tacto algod\u00f3n, 150 g\/m\u00b2.Observaciones: Producto especial para sublimaci\u00f3n. *Etiqueta adhesiva.<\/p>","protected":false},"featured_media":56382,"comment_status":"open","ping_status":"closed","template":"","meta":[],"product_brand":[],"product_cat":[44,45,42],"product_tag":[],"class_list":{"0":"post-56381","1":"product","2":"type-product","3":"status-publish","4":"has-post-thumbnail","6":"product_cat-t_shirts","7":"product_cat-cam","8":"product_cat-cam_po","10":"first","11":"instock","12":"shipping-taxable","13":"purchasable","14":"product-type-variable"},"_links":{"self":[{"href":"https:\/\/publimag.es\/en\/wp-json\/wp\/v2\/product\/56381","targetHints":{"allow":["GET"]}}],"collection":[{"href":"https:\/\/publimag.es\/en\/wp-json\/wp\/v2\/product"}],"about":[{"href":"https:\/\/publimag.es\/en\/wp-json\/wp\/v2\/types\/product"}],"replies":[{"embeddable":true,"href":"https:\/\/publimag.es\/en\/wp-json\/wp\/v2\/comments?post=56381"}],"wp:featuredmedia":[{"embeddable":true,"href":"https:\/\/publimag.es\/en\/wp-json\/wp\/v2\/media\/56382"}],"wp:attachment":[{"href":"https:\/\/publimag.es\/en\/wp-json\/wp\/v2\/media?parent=56381"}],"wp:term":[{"taxonomy":"product_brand","embeddable":true,"href":"https:\/\/publimag.es\/en\/wp-json\/wp\/v2\/product_brand?post=56381"},{"taxonomy":"product_cat","embeddable":true,"href":"https:\/\/publimag.es\/en\/wp-json\/wp\/v2\/product_cat?post=56381"},{"taxonomy":"product_tag","embeddable":true,"href":"https:\/\/publimag.es\/en\/wp-json\/wp\/v2\/product_tag?post=56381"}],"curies":[{"name":"wp","href":"https:\/\/api.w.org\/{rel}","templated":true}]}}