{"id":56396,"date":"2025-07-19T08:25:46","date_gmt":"2025-07-19T06:25:46","guid":{"rendered":"https:\/\/publimag.es\/producto\/golden-woman\/"},"modified":"2025-07-19T08:26:50","modified_gmt":"2025-07-19T06:26:50","slug":"golden-woman","status":"publish","type":"product","link":"https:\/\/publimag.es\/en\/product\/golden-woman\/","title":{"rendered":"GOLDEN WOMAN"},"content":{"rendered":"<p>Short-sleeved fitted T-shirt in organic cotton. Round neck with 1x1 ribbing. Decorative stitching on the hem and sleeves. Side seams.<br \/>Composition: 100% Combed Organic Cotton, single jersey.<br \/>\nColour: 160 g\/m\u00b2. White: 170 g\/m\u00b2<br \/>\nColor grey vigor\u00e9 58: 85% Organic Cotton \/ 15% Viscose<br \/>Remarks: *Removable ECO label<br \/>\n*Duo concept.<br \/>\nProduct with 139218-GOTS certificate<br \/><img decoding=\"async\" src=\"https:\/\/static.gorfactory.es\/pics\/measures\/CA_MC_MU.jpg\"><\/p>","protected":false},"excerpt":{"rendered":"<p>Camiseta entallada de manga corta en Algod\u00f3n Org\u00e1nico. Cuello redondo con Rib 1&#215;1. Costuras decorativas en bajo y mangas. Costuras laterales.Composici\u00f3n: 100% Algod\u00f3n Org\u00e1nico Peinado, punto liso. Color: 160 g\/m\u00b2. Blanco: 170 g\/m\u00b2 Color gris vigor\u00e9 58: 85% Algod\u00f3n Org\u00e1nico \/ 15% viscosaObservaciones: *Etiqueta removible ECO *D\u00fao concept. Producto con certificado 139218-GOTS<\/p>","protected":false},"featured_media":56397,"comment_status":"open","ping_status":"closed","template":"","meta":[],"product_brand":[],"product_cat":[44,45,42,28],"product_tag":[],"class_list":{"0":"post-56396","1":"product","2":"type-product","3":"status-publish","4":"has-post-thumbnail","6":"product_cat-t_shirts","7":"product_cat-cam","8":"product_cat-cam_po","9":"product_cat-rolyeco","11":"first","12":"instock","13":"shipping-taxable","14":"purchasable","15":"product-type-variable"},"_links":{"self":[{"href":"https:\/\/publimag.es\/en\/wp-json\/wp\/v2\/product\/56396","targetHints":{"allow":["GET"]}}],"collection":[{"href":"https:\/\/publimag.es\/en\/wp-json\/wp\/v2\/product"}],"about":[{"href":"https:\/\/publimag.es\/en\/wp-json\/wp\/v2\/types\/product"}],"replies":[{"embeddable":true,"href":"https:\/\/publimag.es\/en\/wp-json\/wp\/v2\/comments?post=56396"}],"wp:featuredmedia":[{"embeddable":true,"href":"https:\/\/publimag.es\/en\/wp-json\/wp\/v2\/media\/56397"}],"wp:attachment":[{"href":"https:\/\/publimag.es\/en\/wp-json\/wp\/v2\/media?parent=56396"}],"wp:term":[{"taxonomy":"product_brand","embeddable":true,"href":"https:\/\/publimag.es\/en\/wp-json\/wp\/v2\/product_brand?post=56396"},{"taxonomy":"product_cat","embeddable":true,"href":"https:\/\/publimag.es\/en\/wp-json\/wp\/v2\/product_cat?post=56396"},{"taxonomy":"product_tag","embeddable":true,"href":"https:\/\/publimag.es\/en\/wp-json\/wp\/v2\/product_tag?post=56396"}],"curies":[{"name":"wp","href":"https:\/\/api.w.org\/{rel}","templated":true}]}}