{"id":56459,"date":"2025-07-19T08:26:50","date_gmt":"2025-07-19T06:26:50","guid":{"rendered":"https:\/\/publimag.es\/producto\/breda\/"},"modified":"2025-07-19T08:30:06","modified_gmt":"2025-07-19T06:30:06","slug":"breda","status":"publish","type":"product","link":"https:\/\/publimag.es\/en\/product\/breda\/","title":{"rendered":"BREDA"},"content":{"rendered":"<p>Short-sleeved tubular T-shirt in OCS-certified organic cotton. 1x1 ribbed crew neck. Reinforced neckline.<br \/>Composition: 100% organic cotton, 175 g\/m\u00b2<br \/>\nColor grey vigor\u00e9 58: 85% organic cotton and 15% viscose<br \/>Remarks: * Removable label<br \/>\n* Duo concept<br \/>\n* Organic fabric 139218-OCS<br \/>\n*Children&#039;s sizes with side seams.<br \/><img decoding=\"async\" src=\"https:\/\/static.gorfactory.es\/pics\/measures\/CA_MC_HO.jpg\"><\/p>","protected":false},"excerpt":{"rendered":"<p>Camiseta tubular de manga corta en algod\u00f3n org\u00e1nico certificado OCS. Cuello redondo en canal\u00e9 1&#215;1. Cubrecosturas reforzado en cuello.Composici\u00f3n: 100% algod\u00f3n org\u00e1nico, 175 g\/m\u00b2 Color gris vigor\u00e9 58: 85% algod\u00f3n org\u00e1nico y 15% viscosaObservaciones: * Etiqueta removible * Duo concept * Tejido org\u00e1nico 139218-OCS *Tallas de ni\u00f1o con costuras laterales.<\/p>","protected":false},"featured_media":56460,"comment_status":"open","ping_status":"closed","template":"","meta":[],"product_brand":[],"product_cat":[44,45,42,28],"product_tag":[],"class_list":{"0":"post-56459","1":"product","2":"type-product","3":"status-publish","4":"has-post-thumbnail","6":"product_cat-t_shirts","7":"product_cat-cam","8":"product_cat-cam_po","9":"product_cat-rolyeco","11":"first","12":"instock","13":"shipping-taxable","14":"purchasable","15":"product-type-variable"},"_links":{"self":[{"href":"https:\/\/publimag.es\/en\/wp-json\/wp\/v2\/product\/56459","targetHints":{"allow":["GET"]}}],"collection":[{"href":"https:\/\/publimag.es\/en\/wp-json\/wp\/v2\/product"}],"about":[{"href":"https:\/\/publimag.es\/en\/wp-json\/wp\/v2\/types\/product"}],"replies":[{"embeddable":true,"href":"https:\/\/publimag.es\/en\/wp-json\/wp\/v2\/comments?post=56459"}],"wp:featuredmedia":[{"embeddable":true,"href":"https:\/\/publimag.es\/en\/wp-json\/wp\/v2\/media\/56460"}],"wp:attachment":[{"href":"https:\/\/publimag.es\/en\/wp-json\/wp\/v2\/media?parent=56459"}],"wp:term":[{"taxonomy":"product_brand","embeddable":true,"href":"https:\/\/publimag.es\/en\/wp-json\/wp\/v2\/product_brand?post=56459"},{"taxonomy":"product_cat","embeddable":true,"href":"https:\/\/publimag.es\/en\/wp-json\/wp\/v2\/product_cat?post=56459"},{"taxonomy":"product_tag","embeddable":true,"href":"https:\/\/publimag.es\/en\/wp-json\/wp\/v2\/product_tag?post=56459"}],"curies":[{"name":"wp","href":"https:\/\/api.w.org\/{rel}","templated":true}]}}