{"id":56862,"date":"2025-07-19T08:33:43","date_gmt":"2025-07-19T06:33:43","guid":{"rendered":"https:\/\/publimag.es\/producto\/ferox-woman\/"},"modified":"2025-07-19T08:34:52","modified_gmt":"2025-07-19T06:34:52","slug":"ferox-woman","status":"publish","type":"product","link":"https:\/\/publimag.es\/en\/product\/ferox-woman\/","title":{"rendered":"FEROX WOMAN"},"content":{"rendered":"<p>Casaca de servicios de manga corta de mujer.<br \/>\n\u00b7 Crossed V-neckline.<br \/>\n\u00b7 Two French pockets.<br \/>\n\u00b7 Side openings.<br \/>\n<br \/>Composition: 94% polyester \/ 6% elastane, microfiber 170 g\/m\u00b2.<br \/>Remarks: Jacket to combine with FIBER pants.<br \/>\n*Removable label.<br \/>\n*Duo concept.<br \/>\n*Laboratory.<br \/>\n*Health.<br \/>\n*Aesthetics.<br \/>\n*Feeding.<br \/>\n*Cleaning.<br \/><img decoding=\"async\" src=\"https:\/\/static.gorfactory.es\/pics\/measures\/CA_MC_MU.jpg\"><\/p>","protected":false},"excerpt":{"rendered":"<p>Casaca de servicios de manga corta de mujer. \u00b7 Escote de pico cruzado. \u00b7 Dos bolsillos franceses. \u00b7 Aperturas laterales. Composici\u00f3n: 94% poli\u00e9ster \/ 6% elastano, microfibra 170 g\/m\u00b2.Observaciones: Casaca para combinar con pantal\u00f3n FIBER. *Etiqueta removible. *D\u00fao concept. *Laboratorio. *Sanidad. *Est\u00e9tica. *Alimentaci\u00f3n. *Limpieza.<\/p>","protected":false},"featured_media":56863,"comment_status":"open","ping_status":"closed","template":"","meta":[],"product_brand":[],"product_cat":[86,83,37],"product_tag":[],"class_list":{"0":"post-56862","1":"product","2":"type-product","3":"status-publish","4":"has-post-thumbnail","6":"product_cat-sanitarycasaca","7":"product_cat-san_est","8":"product_cat-workwear","10":"first","11":"instock","12":"shipping-taxable","13":"purchasable","14":"product-type-variable"},"_links":{"self":[{"href":"https:\/\/publimag.es\/en\/wp-json\/wp\/v2\/product\/56862","targetHints":{"allow":["GET"]}}],"collection":[{"href":"https:\/\/publimag.es\/en\/wp-json\/wp\/v2\/product"}],"about":[{"href":"https:\/\/publimag.es\/en\/wp-json\/wp\/v2\/types\/product"}],"replies":[{"embeddable":true,"href":"https:\/\/publimag.es\/en\/wp-json\/wp\/v2\/comments?post=56862"}],"wp:featuredmedia":[{"embeddable":true,"href":"https:\/\/publimag.es\/en\/wp-json\/wp\/v2\/media\/56863"}],"wp:attachment":[{"href":"https:\/\/publimag.es\/en\/wp-json\/wp\/v2\/media?parent=56862"}],"wp:term":[{"taxonomy":"product_brand","embeddable":true,"href":"https:\/\/publimag.es\/en\/wp-json\/wp\/v2\/product_brand?post=56862"},{"taxonomy":"product_cat","embeddable":true,"href":"https:\/\/publimag.es\/en\/wp-json\/wp\/v2\/product_cat?post=56862"},{"taxonomy":"product_tag","embeddable":true,"href":"https:\/\/publimag.es\/en\/wp-json\/wp\/v2\/product_tag?post=56862"}],"curies":[{"name":"wp","href":"https:\/\/api.w.org\/{rel}","templated":true}]}}