{"id":57000,"date":"2025-07-19T08:35:58","date_gmt":"2025-07-19T06:35:58","guid":{"rendered":"https:\/\/publimag.es\/producto\/panacea\/"},"modified":"2025-07-19T08:37:28","modified_gmt":"2025-07-19T06:37:28","slug":"panacea","status":"publish","type":"product","link":"https:\/\/publimag.es\/en\/product\/panacea\/","title":{"rendered":"PANACEA"},"content":{"rendered":"<p>Unisex short-sleeved service jacket.<br \/>\n\u00b7 Crossed V-neckline.<br \/>\n\u00b7 One chest pocket and two side pockets.<br \/>\n\u00b7 Side openings.<br \/>\n<br \/>Composition: 65% polyester \/ 35% cotton twill, 160 g\/m\u00b2.<br \/>Observations: Jacket to combine with VADEMECUM trousers.<br \/>\n*Removable label.<br \/>\n*Unisex model.<br \/>\n*Laboratory.<br \/>\n*Health.<br \/>\n*Aesthetics.<br \/>\n*Feeding.<br \/>\n*Cleaning.<br \/><img decoding=\"async\" src=\"https:\/\/static.gorfactory.es\/pics\/measures\/CA_MC_HO.jpg\"><\/p>","protected":false},"excerpt":{"rendered":"<p>Casaca de servicios unisex de manga corta. \u00b7 Escote de pico cruzado. \u00b7 Un bolsillo en pecho y dos bolsillos laterales. \u00b7 Aperturas laterales. Composici\u00f3n: 65% poli\u00e9ster \/ 35% algod\u00f3n sarga, 160 g\/m\u00b2.Observaciones: Casaca para combinar con pantal\u00f3n VADEMECUM. *Etiqueta removible. *Modelo unisex. *Laboratorio. *Sanidad. *Est\u00e9tica. *Alimentaci\u00f3n. *Limpieza.<\/p>","protected":false},"featured_media":57001,"comment_status":"open","ping_status":"closed","template":"","meta":[],"product_brand":[],"product_cat":[86,83,37],"product_tag":[],"class_list":{"0":"post-57000","1":"product","2":"type-product","3":"status-publish","4":"has-post-thumbnail","6":"product_cat-sanitarycasaca","7":"product_cat-san_est","8":"product_cat-workwear","10":"first","11":"instock","12":"shipping-taxable","13":"purchasable","14":"product-type-variable"},"_links":{"self":[{"href":"https:\/\/publimag.es\/en\/wp-json\/wp\/v2\/product\/57000","targetHints":{"allow":["GET"]}}],"collection":[{"href":"https:\/\/publimag.es\/en\/wp-json\/wp\/v2\/product"}],"about":[{"href":"https:\/\/publimag.es\/en\/wp-json\/wp\/v2\/types\/product"}],"replies":[{"embeddable":true,"href":"https:\/\/publimag.es\/en\/wp-json\/wp\/v2\/comments?post=57000"}],"wp:featuredmedia":[{"embeddable":true,"href":"https:\/\/publimag.es\/en\/wp-json\/wp\/v2\/media\/57001"}],"wp:attachment":[{"href":"https:\/\/publimag.es\/en\/wp-json\/wp\/v2\/media?parent=57000"}],"wp:term":[{"taxonomy":"product_brand","embeddable":true,"href":"https:\/\/publimag.es\/en\/wp-json\/wp\/v2\/product_brand?post=57000"},{"taxonomy":"product_cat","embeddable":true,"href":"https:\/\/publimag.es\/en\/wp-json\/wp\/v2\/product_cat?post=57000"},{"taxonomy":"product_tag","embeddable":true,"href":"https:\/\/publimag.es\/en\/wp-json\/wp\/v2\/product_tag?post=57000"}],"curies":[{"name":"wp","href":"https:\/\/api.w.org\/{rel}","templated":true}]}}