{"id":57333,"date":"2025-07-21T20:33:02","date_gmt":"2025-07-21T18:33:02","guid":{"rendered":"https:\/\/publimag.es\/producto\/libreta-ecologica-natur-6\/"},"modified":"2025-07-21T20:33:02","modified_gmt":"2025-07-21T18:33:02","slug":"libreta-ecologica-natur-6","status":"publish","type":"product","link":"https:\/\/publimag.es\/en\/product\/libreta-ecologica-natur-6\/","title":{"rendered":"NATUR ECO-FRIENDLY NOTEBOOK"},"content":{"rendered":"<p>Made of cork combined with linen cotton, it includes a cork and PP pen with an ECO finish. 82-sheet lined notepad, including a pen.<\/p>","protected":false},"excerpt":{"rendered":"<p>Realizado en corcho combinado con \u00ablino cotton\u00bb, incluye bol\u00edgrafo de corcho y PP terminaci\u00f3n ECO.Bloc de 82 hojas con l\u00edneas, incluye bol\u00edgrafo.<\/p>","protected":false},"featured_media":57334,"comment_status":"open","ping_status":"closed","template":"","meta":[],"product_brand":[],"product_cat":[2427],"product_tag":[],"class_list":{"0":"post-57333","1":"product","2":"type-product","3":"status-publish","4":"has-post-thumbnail","6":"product_cat-reclamos-publicitarios","8":"first","9":"instock","10":"shipping-taxable","11":"purchasable","12":"product-type-simple"},"_links":{"self":[{"href":"https:\/\/publimag.es\/en\/wp-json\/wp\/v2\/product\/57333","targetHints":{"allow":["GET"]}}],"collection":[{"href":"https:\/\/publimag.es\/en\/wp-json\/wp\/v2\/product"}],"about":[{"href":"https:\/\/publimag.es\/en\/wp-json\/wp\/v2\/types\/product"}],"replies":[{"embeddable":true,"href":"https:\/\/publimag.es\/en\/wp-json\/wp\/v2\/comments?post=57333"}],"wp:featuredmedia":[{"embeddable":true,"href":"https:\/\/publimag.es\/en\/wp-json\/wp\/v2\/media\/57334"}],"wp:attachment":[{"href":"https:\/\/publimag.es\/en\/wp-json\/wp\/v2\/media?parent=57333"}],"wp:term":[{"taxonomy":"product_brand","embeddable":true,"href":"https:\/\/publimag.es\/en\/wp-json\/wp\/v2\/product_brand?post=57333"},{"taxonomy":"product_cat","embeddable":true,"href":"https:\/\/publimag.es\/en\/wp-json\/wp\/v2\/product_cat?post=57333"},{"taxonomy":"product_tag","embeddable":true,"href":"https:\/\/publimag.es\/en\/wp-json\/wp\/v2\/product_tag?post=57333"}],"curies":[{"name":"wp","href":"https:\/\/api.w.org\/{rel}","templated":true}]}}