{"id":57367,"date":"2025-07-21T20:33:12","date_gmt":"2025-07-21T18:33:12","guid":{"rendered":"https:\/\/publimag.es\/producto\/maletin-portaordenador-chic-2\/"},"modified":"2025-07-21T20:33:13","modified_gmt":"2025-07-21T18:33:13","slug":"maletin-portaordenador-chic-2","status":"publish","type":"product","link":"https:\/\/publimag.es\/en\/product\/maletin-portaordenador-chic-2\/","title":{"rendered":"CHIC LAPTOP BRIEFING CASE"},"content":{"rendered":"<p>Laptop briefcase with padded interior, ideal for carrying your laptop. Includes a zippered exterior pocket and elastic strap for carrying on a trolley, or you can carry it as a briefcase or shoulder bag. The interior is lined with fleece plus fabric, providing extra protection for your computer. Each piece comes in an individual zip-close bag.<\/p>","protected":false},"excerpt":{"rendered":"<p>Malet\u00edn portaordenador con interior acolchado, ideal para llevar su port\u00e1til.Incluye bolsillo exterior con cremallera y sujeci\u00f3n el\u00e1stica para llevar en un trolley, adem\u00e1s puedes llevarlo como malet\u00edn o bandolera.Interior forrado con tejido polar plus, una protecci\u00f3n extra para su ordenador.Cada pieza presentada en bolsa individual con cierre zip.<\/p>","protected":false},"featured_media":57368,"comment_status":"open","ping_status":"closed","template":"","meta":[],"product_brand":[],"product_cat":[2427],"product_tag":[],"class_list":{"0":"post-57367","1":"product","2":"type-product","3":"status-publish","4":"has-post-thumbnail","6":"product_cat-reclamos-publicitarios","8":"first","9":"outofstock","10":"shipping-taxable","11":"purchasable","12":"product-type-simple"},"_links":{"self":[{"href":"https:\/\/publimag.es\/en\/wp-json\/wp\/v2\/product\/57367","targetHints":{"allow":["GET"]}}],"collection":[{"href":"https:\/\/publimag.es\/en\/wp-json\/wp\/v2\/product"}],"about":[{"href":"https:\/\/publimag.es\/en\/wp-json\/wp\/v2\/types\/product"}],"replies":[{"embeddable":true,"href":"https:\/\/publimag.es\/en\/wp-json\/wp\/v2\/comments?post=57367"}],"wp:featuredmedia":[{"embeddable":true,"href":"https:\/\/publimag.es\/en\/wp-json\/wp\/v2\/media\/57368"}],"wp:attachment":[{"href":"https:\/\/publimag.es\/en\/wp-json\/wp\/v2\/media?parent=57367"}],"wp:term":[{"taxonomy":"product_brand","embeddable":true,"href":"https:\/\/publimag.es\/en\/wp-json\/wp\/v2\/product_brand?post=57367"},{"taxonomy":"product_cat","embeddable":true,"href":"https:\/\/publimag.es\/en\/wp-json\/wp\/v2\/product_cat?post=57367"},{"taxonomy":"product_tag","embeddable":true,"href":"https:\/\/publimag.es\/en\/wp-json\/wp\/v2\/product_tag?post=57367"}],"curies":[{"name":"wp","href":"https:\/\/api.w.org\/{rel}","templated":true}]}}