{"id":57395,"date":"2025-07-21T20:33:21","date_gmt":"2025-07-21T18:33:21","guid":{"rendered":"https:\/\/publimag.es\/producto\/cargador-ultrarapido-10w-de-bambu-menphis\/"},"modified":"2025-07-21T20:33:22","modified_gmt":"2025-07-21T18:33:22","slug":"cargador-ultrarapido-10w-de-bambu-menphis","status":"publish","type":"product","link":"https:\/\/publimag.es\/en\/product\/cargador-ultrarapido-10w-de-bambu-menphis\/","title":{"rendered":"10W ULTRA-FAST BAMBOO CHARGER &quot;MENPHIS&quot;"},"content":{"rendered":"<p>Carga inal\u00e1mbrica ultrarr\u00e1pida 10W. Compatible solo con dispositivos con carga inal\u00e1mbrica Qi.<\/p>","protected":false},"excerpt":{"rendered":"<p>Carga inal\u00e1mbrica ultrarr\u00e1pida 10W. Compatible solo con dispositivos con carga inal\u00e1mbrica Qi.<\/p>","protected":false},"featured_media":57396,"comment_status":"open","ping_status":"closed","template":"","meta":[],"product_brand":[],"product_cat":[2474,2427],"product_tag":[],"class_list":{"0":"post-57395","1":"product","2":"type-product","3":"status-publish","4":"has-post-thumbnail","6":"product_cat-cables-y-cargadores","7":"product_cat-reclamos-publicitarios","9":"first","10":"instock","11":"shipping-taxable","12":"purchasable","13":"product-type-simple"},"_links":{"self":[{"href":"https:\/\/publimag.es\/en\/wp-json\/wp\/v2\/product\/57395","targetHints":{"allow":["GET"]}}],"collection":[{"href":"https:\/\/publimag.es\/en\/wp-json\/wp\/v2\/product"}],"about":[{"href":"https:\/\/publimag.es\/en\/wp-json\/wp\/v2\/types\/product"}],"replies":[{"embeddable":true,"href":"https:\/\/publimag.es\/en\/wp-json\/wp\/v2\/comments?post=57395"}],"wp:featuredmedia":[{"embeddable":true,"href":"https:\/\/publimag.es\/en\/wp-json\/wp\/v2\/media\/57396"}],"wp:attachment":[{"href":"https:\/\/publimag.es\/en\/wp-json\/wp\/v2\/media?parent=57395"}],"wp:term":[{"taxonomy":"product_brand","embeddable":true,"href":"https:\/\/publimag.es\/en\/wp-json\/wp\/v2\/product_brand?post=57395"},{"taxonomy":"product_cat","embeddable":true,"href":"https:\/\/publimag.es\/en\/wp-json\/wp\/v2\/product_cat?post=57395"},{"taxonomy":"product_tag","embeddable":true,"href":"https:\/\/publimag.es\/en\/wp-json\/wp\/v2\/product_tag?post=57395"}],"curies":[{"name":"wp","href":"https:\/\/api.w.org\/{rel}","templated":true}]}}